{"id":17742,"date":"2025-07-23T15:44:10","date_gmt":"2025-07-23T13:44:10","guid":{"rendered":"https:\/\/www.e-learning.pl\/?page_id=17742"},"modified":"2025-07-24T09:48:59","modified_gmt":"2025-07-24T07:48:59","slug":"kierownik-br-do-projektow-e-learningowych","status":"publish","type":"page","link":"https:\/\/www.e-learning.pl\/en\/kierownik-br-do-projektow-e-learningowych\/","title":{"rendered":"Kierownik B+R do projekt\u00f3w e-learningowych"},"content":{"rendered":"<h1><span dir=\"ltr\" role=\"presentation\">Kierownik B+R do projekt\u00f3w e-learningowych <\/span><span dir=\"ltr\" role=\"presentation\">(\u015bcie\u017cka SMART, NCBR)\u00a0<\/span><\/h1>\n\n\n<div style=\"height:71px\" aria-hidden=\"true\" class=\"wp-block-spacer\"><\/div>\n\n\n<p><span dir=\"ltr\" role=\"presentation\">Przygotowujemy si\u0119 do z\u0142o\u017cenia kilku projekt\u00f3w w ramach konkursu <\/span><span dir=\"ltr\" role=\"presentation\">\u015acie\u017cka SMART (NCBR, nab\u00f3r do 30.09.2025). Poszukujemy partnera <\/span><span dir=\"ltr\" role=\"presentation\">konsorcyjnego, kt\u00f3ry zapewni:<\/span><\/p>\n<ul>\n<li><span dir=\"ltr\" role=\"presentation\">zesp\u00f3\u0142 badaczy do realizacji przypisanych modu\u0142\u00f3w B+<\/span><\/li>\n<li><span dir=\"ltr\" role=\"presentation\">kierownika prac badawczo-rozwojowych (B+R).<\/span><\/li>\n<\/ul>\n<h3>\u00a0<\/h3>\n<h3>Idealny kandydat na kierownika B+R to osoba, kt\u00f3ra:<\/h3>\n<ul>\n<li><span dir=\"ltr\" role=\"presentation\">ma do<\/span><span dir=\"ltr\" role=\"presentation\">\u015b<\/span><span dir=\"ltr\" role=\"presentation\">wiadczenie w prowadzeniu projekt<\/span><span dir=\"ltr\" role=\"presentation\">\u00f3<\/span><span dir=\"ltr\" role=\"presentation\">w badawczo-<\/span><span dir=\"ltr\" role=\"presentation\">rozwojowych (w ci<\/span><span dir=\"ltr\" role=\"presentation\">\u0105<\/span><span dir=\"ltr\" role=\"presentation\">gu ostatnich 5 lat), zako<\/span><span dir=\"ltr\" role=\"presentation\">\u0144<\/span><span dir=\"ltr\" role=\"presentation\">czonych wdro<\/span><span dir=\"ltr\" role=\"presentation\">\u017c<\/span><span dir=\"ltr\" role=\"presentation\">eniem <\/span><span dir=\"ltr\" role=\"presentation\">na rynek (komercjalizacja, sprzeda<\/span><span dir=\"ltr\" role=\"presentation\">\u017c<\/span><span dir=\"ltr\" role=\"presentation\"> licencji itp.),<\/span><\/li>\n<li><span dir=\"ltr\" role=\"presentation\">bra<\/span><span dir=\"ltr\" role=\"presentation\">\u0142<\/span><span dir=\"ltr\" role=\"presentation\">a udzia<\/span><span dir=\"ltr\" role=\"presentation\">\u0142<\/span><span dir=\"ltr\" role=\"presentation\"> w projektach z zakresu edukacji, e-learningu, <\/span><span dir=\"ltr\" role=\"presentation\">projektowania narz\u0119dzi edukacyjnych, rozwoju rozwi\u0105za\u0144 opartych <\/span><span dir=\"ltr\" role=\"presentation\">na AI\/LLM,<\/span><\/li>\n<li><span dir=\"ltr\" role=\"presentation\">wsp<\/span><span dir=\"ltr\" role=\"presentation\">\u00f3\u0142<\/span><span dir=\"ltr\" role=\"presentation\">tworzy<\/span><span dir=\"ltr\" role=\"presentation\">\u0142<\/span><span dir=\"ltr\" role=\"presentation\">a rozwi<\/span><span dir=\"ltr\" role=\"presentation\">\u0105<\/span><span dir=\"ltr\" role=\"presentation\">zania obj<\/span><span dir=\"ltr\" role=\"presentation\">\u0119<\/span><span dir=\"ltr\" role=\"presentation\">te patentami lub prawami <\/span><span dir=\"ltr\" role=\"presentation\">ochronnymi na wzory u<\/span><span dir=\"ltr\" role=\"presentation\">\u017c<\/span><span dir=\"ltr\" role=\"presentation\">ytkowe,<\/span><\/li>\n<li><span dir=\"ltr\" role=\"presentation\">posiada publikacje naukowe w obszarze e-learningu, narz<\/span><span dir=\"ltr\" role=\"presentation\">\u0119<\/span><span dir=\"ltr\" role=\"presentation\">dzi <\/span><span dir=\"ltr\" role=\"presentation\">edukacyjnych lub AI w edukacji (z ostatnich 10 lat).<\/span><\/li>\n<\/ul>\n\n\n<p>Je\u015bli spe\u0142niasz te kryteria lub znasz kogo\u015b z uczelni czy bran\u017cy, kto m\u00f3g\u0142by podj\u0105\u0107 si\u0119 tej roli \u2013 odezwij si\u0119 do nas. Ch\u0119tnie porozmawiamy o szczeg\u00f3\u0142ach wsp\u00f3\u0142pracy w ramach konsorcjum.<\/p>\n\n\n\n<p><strong>Zainteresowane osoby prosimy o kontakt na  adres: <a href=\"mailto:office@e-learning.pl\">office@e-learning.pl<\/a><br><\/strong><\/p>\n\n\n\n<p><\/p>\n","protected":false},"excerpt":{"rendered":"<p>Kierownik B+R do projekt\u00f3w e-learningowych (\u015bcie\u017cka SMART, NCBR)\u00a0 Przygotowujemy si\u0119 do z\u0142o\u017cenia kilku projekt\u00f3w w ramach konkursu \u015acie\u017cka SMART (NCBR, [&hellip;]<\/p>\n","protected":false},"author":5,"featured_media":0,"parent":0,"menu_order":0,"comment_status":"closed","ping_status":"closed","template":"template-blog.php","meta":{"inline_featured_image":false,"footnotes":""},"class_list":["post-17742","page","type-page","status-publish","hentry"],"acf":[],"yoast_head":"<!-- This site is optimized with the Yoast SEO plugin v20.5 - https:\/\/yoast.com\/wordpress\/plugins\/seo\/ -->\n<title>Kierownik B+R do projekt\u00f3w e-learningowych - e-learning<\/title>\n<meta name=\"robots\" content=\"index, follow, max-snippet:-1, max-image-preview:large, max-video-preview:-1\" \/>\n<link rel=\"canonical\" href=\"https:\/\/www.e-learning.pl\/kierownik-br-do-projektow-e-learningowych\/\" \/>\n<meta property=\"og:locale\" content=\"en_US\" \/>\n<meta property=\"og:type\" content=\"article\" \/>\n<meta property=\"og:title\" content=\"Kierownik B+R do projekt\u00f3w e-learningowych - e-learning\" \/>\n<meta property=\"og:description\" content=\"Kierownik B+R do projekt\u00f3w e-learningowych (\u015bcie\u017cka SMART, NCBR)\u00a0 Przygotowujemy si\u0119 do z\u0142o\u017cenia kilku projekt\u00f3w w ramach konkursu \u015acie\u017cka SMART (NCBR, [&hellip;]\" \/>\n<meta property=\"og:url\" content=\"https:\/\/www.e-learning.pl\/kierownik-br-do-projektow-e-learningowych\/\" \/>\n<meta property=\"og:site_name\" content=\"e-learning\" \/>\n<meta property=\"article:publisher\" content=\"https:\/\/www.facebook.com\/elearningpl\/\" \/>\n<meta property=\"article:modified_time\" content=\"2025-07-24T07:48:59+00:00\" \/>\n<meta name=\"twitter:card\" content=\"summary_large_image\" \/>\n<meta name=\"twitter:label1\" content=\"Est. reading time\" \/>\n\t<meta name=\"twitter:data1\" content=\"2 minutes\" \/>\n<script type=\"application\/ld+json\" class=\"yoast-schema-graph\">{\"@context\":\"https:\/\/schema.org\",\"@graph\":[{\"@type\":\"WebPage\",\"@id\":\"https:\/\/www.e-learning.pl\/kierownik-br-do-projektow-e-learningowych\/\",\"url\":\"https:\/\/www.e-learning.pl\/kierownik-br-do-projektow-e-learningowych\/\",\"name\":\"Kierownik B+R do projekt\u00f3w e-learningowych - e-learning\",\"isPartOf\":{\"@id\":\"https:\/\/www.e-learning.pl\/#website\"},\"datePublished\":\"2025-07-23T13:44:10+00:00\",\"dateModified\":\"2025-07-24T07:48:59+00:00\",\"breadcrumb\":{\"@id\":\"https:\/\/www.e-learning.pl\/kierownik-br-do-projektow-e-learningowych\/#breadcrumb\"},\"inLanguage\":\"en-US\",\"potentialAction\":[{\"@type\":\"ReadAction\",\"target\":[\"https:\/\/www.e-learning.pl\/kierownik-br-do-projektow-e-learningowych\/\"]}]},{\"@type\":\"BreadcrumbList\",\"@id\":\"https:\/\/www.e-learning.pl\/kierownik-br-do-projektow-e-learningowych\/#breadcrumb\",\"itemListElement\":[{\"@type\":\"ListItem\",\"position\":1,\"name\":\"Strona g\u0142\u00f3wna\",\"item\":\"https:\/\/www.e-learning.pl\/en\/\"},{\"@type\":\"ListItem\",\"position\":2,\"name\":\"Kierownik B+R do projekt\u00f3w e-learningowych\"}]},{\"@type\":\"WebSite\",\"@id\":\"https:\/\/www.e-learning.pl\/#website\",\"url\":\"https:\/\/www.e-learning.pl\/\",\"name\":\"e-learning\",\"description\":\"Online trainings\",\"publisher\":{\"@id\":\"https:\/\/www.e-learning.pl\/#organization\"},\"potentialAction\":[{\"@type\":\"SearchAction\",\"target\":{\"@type\":\"EntryPoint\",\"urlTemplate\":\"https:\/\/www.e-learning.pl\/?s={search_term_string}\"},\"query-input\":\"required name=search_term_string\"}],\"inLanguage\":\"en-US\"},{\"@type\":\"Organization\",\"@id\":\"https:\/\/www.e-learning.pl\/#organization\",\"name\":\"e-learning.pl\",\"url\":\"https:\/\/www.e-learning.pl\/\",\"logo\":{\"@type\":\"ImageObject\",\"inLanguage\":\"en-US\",\"@id\":\"https:\/\/www.e-learning.pl\/#\/schema\/logo\/image\/\",\"url\":\"\",\"contentUrl\":\"\",\"caption\":\"e-learning.pl\"},\"image\":{\"@id\":\"https:\/\/www.e-learning.pl\/#\/schema\/logo\/image\/\"},\"sameAs\":[\"https:\/\/www.facebook.com\/elearningpl\/\",\"https:\/\/www.linkedin.com\/company\/2118421\/\"]}]}<\/script>\n<!-- \/ Yoast SEO plugin. -->","yoast_head_json":{"title":"Kierownik B+R do projekt\u00f3w e-learningowych - e-learning","robots":{"index":"index","follow":"follow","max-snippet":"max-snippet:-1","max-image-preview":"max-image-preview:large","max-video-preview":"max-video-preview:-1"},"canonical":"https:\/\/www.e-learning.pl\/kierownik-br-do-projektow-e-learningowych\/","og_locale":"en_US","og_type":"article","og_title":"Kierownik B+R do projekt\u00f3w e-learningowych - e-learning","og_description":"Kierownik B+R do projekt\u00f3w e-learningowych (\u015bcie\u017cka SMART, NCBR)\u00a0 Przygotowujemy si\u0119 do z\u0142o\u017cenia kilku projekt\u00f3w w ramach konkursu \u015acie\u017cka SMART (NCBR, [&hellip;]","og_url":"https:\/\/www.e-learning.pl\/kierownik-br-do-projektow-e-learningowych\/","og_site_name":"e-learning","article_publisher":"https:\/\/www.facebook.com\/elearningpl\/","article_modified_time":"2025-07-24T07:48:59+00:00","twitter_card":"summary_large_image","twitter_misc":{"Est. reading time":"2 minutes"},"schema":{"@context":"https:\/\/schema.org","@graph":[{"@type":"WebPage","@id":"https:\/\/www.e-learning.pl\/kierownik-br-do-projektow-e-learningowych\/","url":"https:\/\/www.e-learning.pl\/kierownik-br-do-projektow-e-learningowych\/","name":"Kierownik B+R do projekt\u00f3w e-learningowych - e-learning","isPartOf":{"@id":"https:\/\/www.e-learning.pl\/#website"},"datePublished":"2025-07-23T13:44:10+00:00","dateModified":"2025-07-24T07:48:59+00:00","breadcrumb":{"@id":"https:\/\/www.e-learning.pl\/kierownik-br-do-projektow-e-learningowych\/#breadcrumb"},"inLanguage":"en-US","potentialAction":[{"@type":"ReadAction","target":["https:\/\/www.e-learning.pl\/kierownik-br-do-projektow-e-learningowych\/"]}]},{"@type":"BreadcrumbList","@id":"https:\/\/www.e-learning.pl\/kierownik-br-do-projektow-e-learningowych\/#breadcrumb","itemListElement":[{"@type":"ListItem","position":1,"name":"Strona g\u0142\u00f3wna","item":"https:\/\/www.e-learning.pl\/en\/"},{"@type":"ListItem","position":2,"name":"Kierownik B+R do projekt\u00f3w e-learningowych"}]},{"@type":"WebSite","@id":"https:\/\/www.e-learning.pl\/#website","url":"https:\/\/www.e-learning.pl\/","name":"e-learning","description":"Online trainings","publisher":{"@id":"https:\/\/www.e-learning.pl\/#organization"},"potentialAction":[{"@type":"SearchAction","target":{"@type":"EntryPoint","urlTemplate":"https:\/\/www.e-learning.pl\/?s={search_term_string}"},"query-input":"required name=search_term_string"}],"inLanguage":"en-US"},{"@type":"Organization","@id":"https:\/\/www.e-learning.pl\/#organization","name":"e-learning.pl","url":"https:\/\/www.e-learning.pl\/","logo":{"@type":"ImageObject","inLanguage":"en-US","@id":"https:\/\/www.e-learning.pl\/#\/schema\/logo\/image\/","url":"","contentUrl":"","caption":"e-learning.pl"},"image":{"@id":"https:\/\/www.e-learning.pl\/#\/schema\/logo\/image\/"},"sameAs":["https:\/\/www.facebook.com\/elearningpl\/","https:\/\/www.linkedin.com\/company\/2118421\/"]}]}},"_links":{"self":[{"href":"https:\/\/www.e-learning.pl\/en\/wp-json\/wp\/v2\/pages\/17742","targetHints":{"allow":["GET"]}}],"collection":[{"href":"https:\/\/www.e-learning.pl\/en\/wp-json\/wp\/v2\/pages"}],"about":[{"href":"https:\/\/www.e-learning.pl\/en\/wp-json\/wp\/v2\/types\/page"}],"author":[{"embeddable":true,"href":"https:\/\/www.e-learning.pl\/en\/wp-json\/wp\/v2\/users\/5"}],"replies":[{"embeddable":true,"href":"https:\/\/www.e-learning.pl\/en\/wp-json\/wp\/v2\/comments?post=17742"}],"version-history":[{"count":7,"href":"https:\/\/www.e-learning.pl\/en\/wp-json\/wp\/v2\/pages\/17742\/revisions"}],"predecessor-version":[{"id":17751,"href":"https:\/\/www.e-learning.pl\/en\/wp-json\/wp\/v2\/pages\/17742\/revisions\/17751"}],"wp:attachment":[{"href":"https:\/\/www.e-learning.pl\/en\/wp-json\/wp\/v2\/media?parent=17742"}],"curies":[{"name":"wp","href":"https:\/\/api.w.org\/{rel}","templated":true}]}}