{"id":8172,"date":"2024-02-20T10:41:15","date_gmt":"2024-02-20T09:41:15","guid":{"rendered":"https:\/\/www.e-learning.pl\/?page_id=8172"},"modified":"2025-02-04T11:39:47","modified_gmt":"2025-02-04T10:39:47","slug":"key-account-manager","status":"publish","type":"page","link":"https:\/\/www.e-learning.pl\/en\/key-account-manager\/","title":{"rendered":"Key Account Manager"},"content":{"rendered":"<h1>Key Account Manager<\/h1>\n\n\n<div style=\"height:128px\" aria-hidden=\"true\" class=\"wp-block-spacer\"><\/div>\n\n\n<p>Chcesz rozwija\u0107 swoj\u0105 karier\u0119 w bran\u017cy edtech? Masz do\u015bwiadczenie w sprzeda\u017cy innowacyjnych rozwi\u0105za\u0144 technologicznych w obszarze szkole\u0144 i rozwoju? Jeste\u015b ekspertem w komunikowaniu si\u0119 z klientami o najnowszych trendach technologicznych?<\/p>\n<p>Zapraszamy do naszego zespo\u0142u na stanowisko <strong>Key Account Manager &#8211; Rozwi\u0105zania Edtech<\/strong> (e-learning) w dynamicznie rozwijaj\u0105cej si\u0119 firmie specjalizuj\u0105cej si\u0119 w technologiach edukacyjnych. Poszukujemy osoby, kt\u00f3ra b\u0119dzie odgrywa\u0107 kluczow\u0105 rol\u0119 w rozwoju naszej oferty produktowej i aktywnie pozyskiwa\u0107 nowych klient\u00f3w.<\/p>\n<h3>\u00a0<\/h3>\n<h3>Co Ci\u0119 wyr\u00f3\u017cnia?<\/h3>\n<ul>\n<li>minimum 2-3 lata do\u015bwiadczenia w sprzeda\u017cy, preferowane w bran\u017cy edtech, eventowej, marketingowej lub szkoleniowej,<\/li>\n<li>pasja do nowych technologii i ich zastosowa\u0144 w edukacji,<\/li>\n<li>bardzo dobra znajomo\u015b\u0107 j\u0119zyka angielskiego,<\/li>\n<li>samodzielno\u015b\u0107 w dzia\u0142aniu, nastawienie na wyniki,<\/li>\n<li>kreatywno\u015b\u0107, otwarto\u015b\u0107 na nowe pomys\u0142y i wyzwania.<\/li>\n<\/ul>\n<h3>\u00a0<\/h3>\n<h3>Co oferujemy?<\/h3>\n<ul>\n<li>atrakcyjne wynagrodzenie i stabilne \u015brodowisko pracy,<\/li>\n<li>mo\u017cliwo\u015b\u0107 rozwoju zawodowego w dynamicznie rozwijaj\u0105cej si\u0119 bran\u017cy edtech,<\/li>\n<li>udzia\u0142 w projektach innowacyjnych i wewn\u0119trznych programach rozwojowych,<\/li>\n<li>prac\u0119 pe\u0142n\u0105 wyzwa\u0144, kt\u00f3ra przynosi satysfakcj\u0119.<\/li>\n<\/ul>\n<h3>\u00a0<\/h3>\n<h3>Twoje g\u0142\u00f3wne zadania:<\/h3>\n<ul>\n<li>aktywne pozyskiwanie i utrzymywanie relacji z klientami biznesowymi,<\/li>\n<li>dopasowywanie oferty edukacyjnej do potrzeb klienta,<\/li>\n<li>wsp\u00f3\u0142tworzenie i prezentowanie innowacyjnych rozwi\u0105za\u0144 edtech.<\/li>\n<\/ul>\n<p><strong>Zainteresowane osoby prosimy o przes\u0142anie CV na adres:<a href=\"mailto:iwona.wieczorek@e-learning.pl\"> iwona.wieczorek@e-learning.pl<\/a>.<\/strong><\/p>\n<p>Skontaktujemy si\u0119 z wybranymi kandydatami. Prosimy o do\u0142\u0105czenie klauzuli dotycz\u0105cej przetwarzania danych osobowych.<br \/>Informacje o przetwarzaniu danych osobowych:<\/p>\n<p>Wyra\u017cam zgod\u0119 na przetwarzanie moich danych osobowych zawartych w dokumentach aplikacyjnych w celach rekrutacyjnych prowadzonych w przez Konsorcjum doradczo-szkoleniowe S.A. Zosta\u0142em poinformowany o mo\u017cliwo\u015bci cofni\u0119cia zgody w dowolnym momencie.<\/p>\n\n\n<p><\/p>\n","protected":false},"excerpt":{"rendered":"<p>Key Account Manager Chcesz rozwija\u0107 swoj\u0105 karier\u0119 w bran\u017cy edtech? Masz do\u015bwiadczenie w sprzeda\u017cy innowacyjnych rozwi\u0105za\u0144 technologicznych w obszarze szkole\u0144 [&hellip;]<\/p>\n","protected":false},"author":5,"featured_media":0,"parent":0,"menu_order":0,"comment_status":"closed","ping_status":"closed","template":"template-blog.php","meta":{"inline_featured_image":false,"footnotes":""},"class_list":["post-8172","page","type-page","status-publish","hentry"],"acf":[],"yoast_head":"<!-- This site is optimized with the Yoast SEO plugin v20.5 - https:\/\/yoast.com\/wordpress\/plugins\/seo\/ -->\n<title>Key Account Manager - e-learning<\/title>\n<meta name=\"robots\" content=\"index, follow, max-snippet:-1, max-image-preview:large, max-video-preview:-1\" \/>\n<link rel=\"canonical\" href=\"https:\/\/www.e-learning.pl\/key-account-manager\/\" \/>\n<meta property=\"og:locale\" content=\"en_US\" \/>\n<meta property=\"og:type\" content=\"article\" \/>\n<meta property=\"og:title\" content=\"Key Account Manager - e-learning\" \/>\n<meta property=\"og:description\" content=\"Key Account Manager Chcesz rozwija\u0107 swoj\u0105 karier\u0119 w bran\u017cy edtech? Masz do\u015bwiadczenie w sprzeda\u017cy innowacyjnych rozwi\u0105za\u0144 technologicznych w obszarze szkole\u0144 [&hellip;]\" \/>\n<meta property=\"og:url\" content=\"https:\/\/www.e-learning.pl\/key-account-manager\/\" \/>\n<meta property=\"og:site_name\" content=\"e-learning\" \/>\n<meta property=\"article:publisher\" content=\"https:\/\/www.facebook.com\/elearningpl\/\" \/>\n<meta property=\"article:modified_time\" content=\"2025-02-04T10:39:47+00:00\" \/>\n<meta name=\"twitter:card\" content=\"summary_large_image\" \/>\n<meta name=\"twitter:label1\" content=\"Est. reading time\" \/>\n\t<meta name=\"twitter:data1\" content=\"2 minutes\" \/>\n<script type=\"application\/ld+json\" class=\"yoast-schema-graph\">{\"@context\":\"https:\/\/schema.org\",\"@graph\":[{\"@type\":\"WebPage\",\"@id\":\"https:\/\/www.e-learning.pl\/key-account-manager\/\",\"url\":\"https:\/\/www.e-learning.pl\/key-account-manager\/\",\"name\":\"Key Account Manager - e-learning\",\"isPartOf\":{\"@id\":\"https:\/\/www.e-learning.pl\/#website\"},\"datePublished\":\"2024-02-20T09:41:15+00:00\",\"dateModified\":\"2025-02-04T10:39:47+00:00\",\"breadcrumb\":{\"@id\":\"https:\/\/www.e-learning.pl\/key-account-manager\/#breadcrumb\"},\"inLanguage\":\"en-US\",\"potentialAction\":[{\"@type\":\"ReadAction\",\"target\":[\"https:\/\/www.e-learning.pl\/key-account-manager\/\"]}]},{\"@type\":\"BreadcrumbList\",\"@id\":\"https:\/\/www.e-learning.pl\/key-account-manager\/#breadcrumb\",\"itemListElement\":[{\"@type\":\"ListItem\",\"position\":1,\"name\":\"Strona g\u0142\u00f3wna\",\"item\":\"https:\/\/www.e-learning.pl\/en\/\"},{\"@type\":\"ListItem\",\"position\":2,\"name\":\"Key Account Manager\"}]},{\"@type\":\"WebSite\",\"@id\":\"https:\/\/www.e-learning.pl\/#website\",\"url\":\"https:\/\/www.e-learning.pl\/\",\"name\":\"e-learning\",\"description\":\"Online trainings\",\"publisher\":{\"@id\":\"https:\/\/www.e-learning.pl\/#organization\"},\"potentialAction\":[{\"@type\":\"SearchAction\",\"target\":{\"@type\":\"EntryPoint\",\"urlTemplate\":\"https:\/\/www.e-learning.pl\/?s={search_term_string}\"},\"query-input\":\"required name=search_term_string\"}],\"inLanguage\":\"en-US\"},{\"@type\":\"Organization\",\"@id\":\"https:\/\/www.e-learning.pl\/#organization\",\"name\":\"e-learning.pl\",\"url\":\"https:\/\/www.e-learning.pl\/\",\"logo\":{\"@type\":\"ImageObject\",\"inLanguage\":\"en-US\",\"@id\":\"https:\/\/www.e-learning.pl\/#\/schema\/logo\/image\/\",\"url\":\"\",\"contentUrl\":\"\",\"caption\":\"e-learning.pl\"},\"image\":{\"@id\":\"https:\/\/www.e-learning.pl\/#\/schema\/logo\/image\/\"},\"sameAs\":[\"https:\/\/www.facebook.com\/elearningpl\/\",\"https:\/\/www.linkedin.com\/company\/2118421\/\"]}]}<\/script>\n<!-- \/ Yoast SEO plugin. -->","yoast_head_json":{"title":"Key Account Manager - e-learning","robots":{"index":"index","follow":"follow","max-snippet":"max-snippet:-1","max-image-preview":"max-image-preview:large","max-video-preview":"max-video-preview:-1"},"canonical":"https:\/\/www.e-learning.pl\/key-account-manager\/","og_locale":"en_US","og_type":"article","og_title":"Key Account Manager - e-learning","og_description":"Key Account Manager Chcesz rozwija\u0107 swoj\u0105 karier\u0119 w bran\u017cy edtech? Masz do\u015bwiadczenie w sprzeda\u017cy innowacyjnych rozwi\u0105za\u0144 technologicznych w obszarze szkole\u0144 [&hellip;]","og_url":"https:\/\/www.e-learning.pl\/key-account-manager\/","og_site_name":"e-learning","article_publisher":"https:\/\/www.facebook.com\/elearningpl\/","article_modified_time":"2025-02-04T10:39:47+00:00","twitter_card":"summary_large_image","twitter_misc":{"Est. reading time":"2 minutes"},"schema":{"@context":"https:\/\/schema.org","@graph":[{"@type":"WebPage","@id":"https:\/\/www.e-learning.pl\/key-account-manager\/","url":"https:\/\/www.e-learning.pl\/key-account-manager\/","name":"Key Account Manager - e-learning","isPartOf":{"@id":"https:\/\/www.e-learning.pl\/#website"},"datePublished":"2024-02-20T09:41:15+00:00","dateModified":"2025-02-04T10:39:47+00:00","breadcrumb":{"@id":"https:\/\/www.e-learning.pl\/key-account-manager\/#breadcrumb"},"inLanguage":"en-US","potentialAction":[{"@type":"ReadAction","target":["https:\/\/www.e-learning.pl\/key-account-manager\/"]}]},{"@type":"BreadcrumbList","@id":"https:\/\/www.e-learning.pl\/key-account-manager\/#breadcrumb","itemListElement":[{"@type":"ListItem","position":1,"name":"Strona g\u0142\u00f3wna","item":"https:\/\/www.e-learning.pl\/en\/"},{"@type":"ListItem","position":2,"name":"Key Account Manager"}]},{"@type":"WebSite","@id":"https:\/\/www.e-learning.pl\/#website","url":"https:\/\/www.e-learning.pl\/","name":"e-learning","description":"Online trainings","publisher":{"@id":"https:\/\/www.e-learning.pl\/#organization"},"potentialAction":[{"@type":"SearchAction","target":{"@type":"EntryPoint","urlTemplate":"https:\/\/www.e-learning.pl\/?s={search_term_string}"},"query-input":"required name=search_term_string"}],"inLanguage":"en-US"},{"@type":"Organization","@id":"https:\/\/www.e-learning.pl\/#organization","name":"e-learning.pl","url":"https:\/\/www.e-learning.pl\/","logo":{"@type":"ImageObject","inLanguage":"en-US","@id":"https:\/\/www.e-learning.pl\/#\/schema\/logo\/image\/","url":"","contentUrl":"","caption":"e-learning.pl"},"image":{"@id":"https:\/\/www.e-learning.pl\/#\/schema\/logo\/image\/"},"sameAs":["https:\/\/www.facebook.com\/elearningpl\/","https:\/\/www.linkedin.com\/company\/2118421\/"]}]}},"_links":{"self":[{"href":"https:\/\/www.e-learning.pl\/en\/wp-json\/wp\/v2\/pages\/8172","targetHints":{"allow":["GET"]}}],"collection":[{"href":"https:\/\/www.e-learning.pl\/en\/wp-json\/wp\/v2\/pages"}],"about":[{"href":"https:\/\/www.e-learning.pl\/en\/wp-json\/wp\/v2\/types\/page"}],"author":[{"embeddable":true,"href":"https:\/\/www.e-learning.pl\/en\/wp-json\/wp\/v2\/users\/5"}],"replies":[{"embeddable":true,"href":"https:\/\/www.e-learning.pl\/en\/wp-json\/wp\/v2\/comments?post=8172"}],"version-history":[{"count":17,"href":"https:\/\/www.e-learning.pl\/en\/wp-json\/wp\/v2\/pages\/8172\/revisions"}],"predecessor-version":[{"id":12610,"href":"https:\/\/www.e-learning.pl\/en\/wp-json\/wp\/v2\/pages\/8172\/revisions\/12610"}],"wp:attachment":[{"href":"https:\/\/www.e-learning.pl\/en\/wp-json\/wp\/v2\/media?parent=8172"}],"curies":[{"name":"wp","href":"https:\/\/api.w.org\/{rel}","templated":true}]}}